{"id":880,"date":"2020-04-12T11:33:55","date_gmt":"2020-04-12T16:33:55","guid":{"rendered":"https:\/\/grafperu.com.pe\/?post_type=product&#038;p=880"},"modified":"2020-04-13T13:20:04","modified_gmt":"2020-04-13T18:20:04","slug":"diseno-y-re-diseno-de-logo-para-pequenos-negocios","status":"publish","type":"product","link":"https:\/\/grafperu.com.pe\/index.php\/producto\/diseno-y-re-diseno-de-logo-para-pequenos-negocios\/","title":{"rendered":"Dise\u00f1o y Re-Dise\u00f1o de Logo para Peque\u00f1os Negocios"},"content":{"rendered":"<p><span class=\"av_dropcap1 \">U<\/span>n dise\u00f1o del logo de tu negocio te proporcionar\u00e1 una imagen que se reconocer\u00e1 al instante, en Grafperu contamos con profesionales con gran experiencia en Empresas y Pymes, por eso nos encargaremos de dise\u00f1ar un logotipo original y persuasivo para tu negocio de acuerdo al giro o rubro del negocio, emprendimiento, marca o lo que sea, desde una Bodega, Restaurante Men\u00fa hasta una Empresa de Transportes o Estudio de Abogados.<\/p>\n<p>Que Beneficios obtienes al solicitarnos Dise\u00f1ar o Redise\u00f1ar tu Logo?<\/p>\n<ul class=\"fusion-checklist fusion-checklist-1\">\n<li class=\"fusion-li-item\">\n<div class=\"fusion-li-item-content\"><strong>Conseguir\u00e1s informar y persuadir<\/strong>\u00a0al instante.<\/div>\n<\/li>\n<li class=\"fusion-li-item\"><i class=\"fusion-li-icon fa-check fas\"><\/i>\n<div class=\"fusion-li-item-content\"><strong>Logotipos \u00fanicos<\/strong>\u00a0que te ayudar\u00e1n a diferenciarte de la competencia.<\/div>\n<\/li>\n<li class=\"fusion-li-item\"><i class=\"fusion-li-icon fa-check fas\"><\/i>\n<div class=\"fusion-li-item-content\"><strong>Tu imagen corporativa\u00a0desprender\u00e1 clase y profesionalidad<\/strong>. Se notar\u00e1 que te preocupas por el dise\u00f1o y los detalles.<\/div>\n<\/li>\n<li class=\"fusion-li-item\"><i class=\"fusion-li-icon fa-check fas\"><\/i>\n<div class=\"fusion-li-item-content\">El logotipo\u00a0<strong>har\u00e1\u00a0inconfundible a tu marca<\/strong>, se asociar\u00e1\u00a0a determinados valores y conseguir\u00e1s posicionarte\u00a0en la mente del consumidor.<\/div>\n<\/li>\n<\/ul>\n<p>15 a\u00f1os de Experiencia y cientos de clientes satisfechos nos avalan y garantizan un servicio de calidad a un excelente precio. Tanto tu como nosotros estamos en la obligaci\u00f3n como empresarios o emprendedores de dar un impulso a nuestros negocios y tener presencia en el internet y redes sociales.<\/p>\n<p>Por eso nuestros precios solo por el mes de abril tendr\u00e1n hasta un 80% de descuento en productos seleccionados para salir juntos de esta crisis.<\/p>\n","protected":false},"excerpt":{"rendered":"<p>Dise\u00f1o o Re-Dise\u00f1o de Logo para Peque\u00f1os Negocios y Pymes<\/p>\n<ul>\n<li>Brief y Asesor\u00eda Personalizada para el Desarrollo del Logo<\/li>\n<li>2 o 3 Propuestas de Logo<\/li>\n<li>3 Cambios o Correcciones del Dise\u00f1o Logo<\/li>\n<li>Entrega del Logo Terminado y Aprobado en un plazo de 48 horas<\/li>\n<li>Entrega de Dise\u00f1o en Archivos Corel, PDF, PNG, JPG en Alta Resoluci\u00f3n<\/li>\n<li>Cantidad de Ofertas: 10 promociones disponibles con el c\u00f3digo:\u00a0 REACTIVAPERU<\/li>\n<li>Garant\u00eda de Satisfacci\u00f3n<\/li>\n<\/ul>\n","protected":false},"featured_media":901,"template":"","meta":{"_et_pb_use_builder":"","_et_pb_old_content":"","_et_gb_content_width":"","_joinchat":[]},"product_brand":[],"product_cat":[84],"product_tag":[95,111,112,115,114,91,119,118,87,85,86,96,108,103,109,101,104,94,110,98,116,100,93,92,89,90,88,113,97,117,99,106,107,102,105],"class_list":{"0":"post-880","1":"product","2":"type-product","3":"status-publish","4":"has-post-thumbnail","6":"product_cat-diseno-de-logos-branding","7":"product_tag-agencia-de-publicidad","8":"product_tag-barato","9":"product_tag-becas","10":"product_tag-coronavirus-peru","11":"product_tag-covid19","12":"product_tag-creacion-de-logo","13":"product_tag-credito-para-pequenos-negocios","14":"product_tag-credito-para-pymes","15":"product_tag-diseno-de-logo-peru","16":"product_tag-diseno-de-logos","17":"product_tag-diseno-de-logos-peru","18":"product_tag-diseno-web","19":"product_tag-ecommerce-peru","20":"product_tag-el-jugo-del-marketing","21":"product_tag-emprendededor","22":"product_tag-emprendedor-eficaz","23":"product_tag-facebook","24":"product_tag-fan-page-peru","25":"product_tag-gratis","26":"product_tag-identidad-corporativa-peru","27":"product_tag-juntos-podemos","28":"product_tag-jurgen-klaric","29":"product_tag-logo-para-facebook","30":"product_tag-logo-peru","31":"product_tag-logos","32":"product_tag-logos-baratos-peru","33":"product_tag-logos-peru","34":"product_tag-negocios-en-linea","35":"product_tag-paginas-web-baratas","36":"product_tag-reactiva-peru","37":"product_tag-redes-sociales-para-negocios","38":"product_tag-tienda-virtual","39":"product_tag-tienda-woocommerce","40":"product_tag-tio-arturo","41":"product_tag-ventas-online","43":"first","44":"instock","45":"sale","46":"shipping-taxable","47":"purchasable","48":"product-type-simple"},"jetpack_sharing_enabled":true,"_links":{"self":[{"href":"https:\/\/grafperu.com.pe\/index.php\/wp-json\/wp\/v2\/product\/880","targetHints":{"allow":["GET"]}}],"collection":[{"href":"https:\/\/grafperu.com.pe\/index.php\/wp-json\/wp\/v2\/product"}],"about":[{"href":"https:\/\/grafperu.com.pe\/index.php\/wp-json\/wp\/v2\/types\/product"}],"wp:featuredmedia":[{"embeddable":true,"href":"https:\/\/grafperu.com.pe\/index.php\/wp-json\/wp\/v2\/media\/901"}],"wp:attachment":[{"href":"https:\/\/grafperu.com.pe\/index.php\/wp-json\/wp\/v2\/media?parent=880"}],"wp:term":[{"taxonomy":"product_brand","embeddable":true,"href":"https:\/\/grafperu.com.pe\/index.php\/wp-json\/wp\/v2\/product_brand?post=880"},{"taxonomy":"product_cat","embeddable":true,"href":"https:\/\/grafperu.com.pe\/index.php\/wp-json\/wp\/v2\/product_cat?post=880"},{"taxonomy":"product_tag","embeddable":true,"href":"https:\/\/grafperu.com.pe\/index.php\/wp-json\/wp\/v2\/product_tag?post=880"}],"curies":[{"name":"wp","href":"https:\/\/api.w.org\/{rel}","templated":true}]}}