{"id":686,"date":"2020-04-03T11:10:45","date_gmt":"2020-04-03T16:10:45","guid":{"rendered":"https:\/\/grafperu.com.pe\/?post_type=product&#038;p=686"},"modified":"2022-03-11T09:55:27","modified_gmt":"2022-03-11T14:55:27","slug":"modulos-de-pvc-campanas-corporativos-publicitarios-grafperu-lima-peru","status":"publish","type":"product","link":"https:\/\/grafperu.com.pe\/index.php\/producto\/modulos-de-pvc-campanas-corporativos-publicitarios-grafperu-lima-peru\/","title":{"rendered":"Modulos de PVC Campa\u00f1as Corporativos Publicitarios &#8211; Grafperu Lima Peru"},"content":{"rendered":"","protected":false},"excerpt":{"rendered":"<p>Display M\u00f3dulo Portatil de material PVC blanco, lleva brandeado con impresiones de alta calidad, separaci\u00f3n interna, varillas laterales con cenefa en la parte superior y lleva malet\u00edn para f\u00e1cil transporte.<\/p>\n","protected":false},"featured_media":1105,"template":"","meta":{"_et_pb_use_builder":"","_et_pb_old_content":"","_et_gb_content_width":"","_joinchat":[]},"product_brand":[],"product_cat":[69,16],"product_tag":[46,40,39,48,43,27,53,62,64,31,38,50,60,54,47,26,33,34,63,55,36,44,28,37,61,29,41,42,52,49,59,58,57,56,51,45,30],"class_list":{"0":"post-686","1":"product","2":"type-product","3":"status-publish","4":"has-post-thumbnail","6":"product_cat-modulos-display-campanas-pvc-mdf","7":"product_cat-todos","8":"product_tag-afiches-publicitarios","9":"product_tag-agendas","10":"product_tag-agendas-corporativas","11":"product_tag-banners-peru","12":"product_tag-calendarios-de-escritorio","13":"product_tag-calendarios-publicitarios","14":"product_tag-canastas-navidad-peru","15":"product_tag-carton-kraft","16":"product_tag-cartulina-kraft-peru","17":"product_tag-centro-de-lima","18":"product_tag-cuadernos-ecologicos","19":"product_tag-dipticos","20":"product_tag-ecologico","21":"product_tag-fotochecks-peru","22":"product_tag-gigantografias-peru","23":"product_tag-imprenta-economica","24":"product_tag-imprentas-wilson","25":"product_tag-impresion","26":"product_tag-kraft","27":"product_tag-lanyards-peru","28":"product_tag-lapiceros-publicitarios","29":"product_tag-lapiz-semilla","30":"product_tag-lima","31":"product_tag-merchandising","32":"product_tag-merchandising-ecologico","33":"product_tag-peru","34":"product_tag-regalos-corporativos","35":"product_tag-regalos-ecologicos","36":"product_tag-regalos-empresas","37":"product_tag-roll-screen-peru","38":"product_tag-tarjetas-carton-reciclado","39":"product_tag-tarjetas-de-presentacion-ecologica","40":"product_tag-tarjetas-eco","41":"product_tag-tarjetas-ecologicas","42":"product_tag-tripticos","43":"product_tag-volantes-publicitarios","44":"product_tag-wilson","46":"first","47":"instock","48":"sale","49":"shipping-taxable","50":"purchasable","51":"product-type-simple"},"jetpack_sharing_enabled":true,"_links":{"self":[{"href":"https:\/\/grafperu.com.pe\/index.php\/wp-json\/wp\/v2\/product\/686","targetHints":{"allow":["GET"]}}],"collection":[{"href":"https:\/\/grafperu.com.pe\/index.php\/wp-json\/wp\/v2\/product"}],"about":[{"href":"https:\/\/grafperu.com.pe\/index.php\/wp-json\/wp\/v2\/types\/product"}],"wp:featuredmedia":[{"embeddable":true,"href":"https:\/\/grafperu.com.pe\/index.php\/wp-json\/wp\/v2\/media\/1105"}],"wp:attachment":[{"href":"https:\/\/grafperu.com.pe\/index.php\/wp-json\/wp\/v2\/media?parent=686"}],"wp:term":[{"taxonomy":"product_brand","embeddable":true,"href":"https:\/\/grafperu.com.pe\/index.php\/wp-json\/wp\/v2\/product_brand?post=686"},{"taxonomy":"product_cat","embeddable":true,"href":"https:\/\/grafperu.com.pe\/index.php\/wp-json\/wp\/v2\/product_cat?post=686"},{"taxonomy":"product_tag","embeddable":true,"href":"https:\/\/grafperu.com.pe\/index.php\/wp-json\/wp\/v2\/product_tag?post=686"}],"curies":[{"name":"wp","href":"https:\/\/api.w.org\/{rel}","templated":true}]}}