{"id":220,"date":"2019-09-24T10:00:50","date_gmt":"2019-09-24T15:00:50","guid":{"rendered":"https:\/\/grafperu.com.pe\/?post_type=product&#038;p=220"},"modified":"2019-09-24T10:00:50","modified_gmt":"2019-09-24T15:00:50","slug":"libreta-ecologica-carton-reciclado-grafperu","status":"publish","type":"product","link":"https:\/\/grafperu.com.pe\/index.php\/producto\/libreta-ecologica-carton-reciclado-grafperu\/","title":{"rendered":"Libreta Ecol\u00f3gica Carton Reciclado &#8211; Grafperu"},"content":{"rendered":"<p>Te gustar\u00e1 por<\/p>\n<ul>\n<li>Da un respiro al medio ambiente con esta \u00fatil libreta ecol\u00f3gica de espiral, con cierre mediante goma el\u00e1stica y bol\u00edgrafo a juego con mecanismo de pulsador<\/li>\n<li>Interior con hojas fabricadas en papel ecol\u00f3gico y portada\/contraportada fabricadas en cart\u00f3n reciclado<\/li>\n<li>Lleva un peque\u00f1o soporte el\u00e1stico para la fijaci\u00f3n del bol\u00edgrafo<\/li>\n<li>Modelo ideal para eventos, congresos, colegios, bodas, hosteler\u00eda\u2026, o simplemente para apuntar tus reflexiones<\/li>\n<li>Tienes diferentes colores a escoger<\/li>\n<li>Te permite personalizar la libreta y el bol\u00edgrafo para destacar en todo tipo de eventos<\/li>\n<\/ul>\n<p>&nbsp;<\/p>\n","protected":false},"excerpt":{"rendered":"<p>Da un respiro al medio ambiente con esta \u00fatil libreta ecol\u00f3gica de espiral, con cierre mediante goma el\u00e1stica y lapicero de cart\u00f3n reciclado<\/p>\n","protected":false},"featured_media":221,"template":"","meta":{"_et_pb_use_builder":"","_et_pb_old_content":"","_et_gb_content_width":"","_joinchat":[]},"product_brand":[],"product_cat":[16],"product_tag":[],"class_list":{"0":"post-220","1":"product","2":"type-product","3":"status-publish","4":"has-post-thumbnail","6":"product_cat-todos","8":"first","9":"instock","10":"shipping-taxable","11":"product-type-simple"},"jetpack_sharing_enabled":true,"_links":{"self":[{"href":"https:\/\/grafperu.com.pe\/index.php\/wp-json\/wp\/v2\/product\/220","targetHints":{"allow":["GET"]}}],"collection":[{"href":"https:\/\/grafperu.com.pe\/index.php\/wp-json\/wp\/v2\/product"}],"about":[{"href":"https:\/\/grafperu.com.pe\/index.php\/wp-json\/wp\/v2\/types\/product"}],"wp:featuredmedia":[{"embeddable":true,"href":"https:\/\/grafperu.com.pe\/index.php\/wp-json\/wp\/v2\/media\/221"}],"wp:attachment":[{"href":"https:\/\/grafperu.com.pe\/index.php\/wp-json\/wp\/v2\/media?parent=220"}],"wp:term":[{"taxonomy":"product_brand","embeddable":true,"href":"https:\/\/grafperu.com.pe\/index.php\/wp-json\/wp\/v2\/product_brand?post=220"},{"taxonomy":"product_cat","embeddable":true,"href":"https:\/\/grafperu.com.pe\/index.php\/wp-json\/wp\/v2\/product_cat?post=220"},{"taxonomy":"product_tag","embeddable":true,"href":"https:\/\/grafperu.com.pe\/index.php\/wp-json\/wp\/v2\/product_tag?post=220"}],"curies":[{"name":"wp","href":"https:\/\/api.w.org\/{rel}","templated":true}]}}