{"id":1487,"date":"2025-10-22T09:07:38","date_gmt":"2025-10-22T14:07:38","guid":{"rendered":"https:\/\/grafperu.com.pe\/?post_type=product&#038;p=1487"},"modified":"2025-10-22T09:11:10","modified_gmt":"2025-10-22T14:11:10","slug":"libreta-eco-02","status":"publish","type":"product","link":"https:\/\/grafperu.com.pe\/index.php\/producto\/libreta-eco-02\/","title":{"rendered":"Libreta Eco 02"},"content":{"rendered":"<p><strong>\u00a1Posiciona tu Marca como L\u00edder Sostenible en Per\u00fa! Merchandising Ecol\u00f3gico de Alta Calidad con el Respaldo de Grafperu<\/strong><\/p>\n<p><strong>\u00bfBusca Merchandising Ecol\u00f3gico Per\u00fa que impacte y fidelice?<\/strong> En la era de la conciencia ambiental, su elecci\u00f3n de regalos corporativos sostenibles es un reflejo directo de los valores de su empresa. Deje atr\u00e1s el pl\u00e1stico desechable y potencie su marca con la l\u00ednea m\u00e1s exclusiva de productos eco-friendly, dise\u00f1ados para una <strong>utilidad diaria y m\u00e1xima visibilidad<\/strong>.<\/p>\n<p><strong>Trabajamos con materiales de tendencia<\/strong> como bamb\u00fa, corcho, algod\u00f3n~org\u00e1nico y \u00a0PET (pl\u00e1stico reciclado), ofreciendo Tomatodos Reutilizables, Bolsas Ecol\u00f3gicas Personalizadas y Libretas Recicladas que sus clientes realmente usar\u00e1n.<\/p>\n<p><strong>Nuestra promesa de Confianza:<\/strong> Para garantizar la excelencia y la entrega impecable en todo el territorio peruano, <strong>nuestros productos y servicios de personalizaci\u00f3n est\u00e1n respaldados por la experiencia y prestigio de Grafperu.<\/strong> Elija la calidad y la seriedad que solo una empresa l\u00edder en el mercado puede ofrecer.<\/p>\n<p><strong>Convierta su inversi\u00f3n en Merchandising en una Declaraci\u00f3n Ambiental Poderosa.<\/strong> \u00a1Cotice hoy y eleve su Responsabilidad Social Corporativa con el mejor Merchandising Ecol\u00f3gico para Empresas en Lima y todo el Per\u00fa!<\/p>\n","protected":false},"excerpt":{"rendered":"<p>Merchandising Ecol\u00f3gico \u00a1Menos Pl\u00e1stico, M\u00e1s Impacto! \ud83c\udf0d Fortalece tu marca con regalos sostenibles de alta durabilidad y m\u00e1xima visibilidad. Transmite un compromiso real con el planeta. Grafperu es tu aliado para fidelizar clientes conscientes. \u00a1La mejor inversi\u00f3n con prop\u00f3sito!<\/p>\n<p>Cotizalo en nuestro unico canal de ventas: al Whatsapp dando click aqui\u00a0 <a href=\"https:\/\/wa.link\/rn2f4j\">\ud83d\udcf1<\/a><span style=\"color: #008000;\"><a style=\"color: #008000;\" href=\"https:\/\/wa.link\/rn2f4j\"><strong>972 042 221<\/strong><\/a><\/span><\/p>\n<ul>\n<li>Caracteristicas<\/li>\n<li>Medida: 12.5 x 18 cm<\/li>\n<li>\u00c1rea de impresi\u00f3n: 5.5 x 14 cm<\/li>\n<li>Tipo de impresi\u00f3n: serigraf\u00eda<\/li>\n<\/ul>\n<p>&nbsp;<\/p>\n","protected":false},"featured_media":1488,"template":"","meta":{"_et_pb_use_builder":"","_et_pb_old_content":"","_et_gb_content_width":"","_joinchat":[]},"product_brand":[],"product_cat":[278],"product_tag":[46,291,40,39,308,315,298,211,295,348,349,345,336,48,111,307,121,337,122,300,340,43,27,53,123,302,339,62,64,333,343,31,311,290,38,176,177,322,50,83,125,54,306,346,47,296,200,201,338,331,280,282,281,26,279,283,33,34,330,312,55,286,235,294,236,237,238,36,44,239,240,304,342,184,185,186,28,332,297,317,329,352,313,301,245,246,37,61,287,350,288,299,321,316,29,292,320,319,325,289,260,261,199,187,41,188,189,190,191,192,193,194,195,196,197,198,170,136,139,42,140,141,142,143,52,171,145,147,126,135,127,128,155,156,157,158,161,163,323,318,344,267,309,324,314,305,326,341,269,334,56,270,271,272,310,293,328,284,285,303,353,347,351,335,327],"class_list":{"0":"post-1487","1":"product","2":"type-product","3":"status-publish","4":"has-post-thumbnail","6":"product_cat-merch-ecologico","7":"product_tag-afiches-publicitarios","8":"product_tag-agenda-corporativa","9":"product_tag-agendas","10":"product_tag-agendas-corporativas","11":"product_tag-alcohol-en-gel","12":"product_tag-altavoz-bluetooth","13":"product_tag-antiestres","14":"product_tag-articulos-eco-para-oficina","15":"product_tag-audifonos-inalambricos","16":"product_tag-backing-curvo-recto","17":"product_tag-banderolas-publicitarias","18":"product_tag-banner-x","19":"product_tag-banners","20":"product_tag-banners-peru","21":"product_tag-barato","22":"product_tag-bolsas-ecologicas","23":"product_tag-box-de-regalos-corporativos","24":"product_tag-brochures","25":"product_tag-cajas-de-regalo-corporativos","26":"product_tag-calendario-de-escritorio","27":"product_tag-calendarios","28":"product_tag-calendarios-de-escritorio","29":"product_tag-calendarios-publicitarios","30":"product_tag-canastas-navidad-peru","31":"product_tag-canastas-navidenas-peru","32":"product_tag-cargador-inalambrico","33":"product_tag-carpetas","34":"product_tag-carton-kraft","35":"product_tag-cartulina-kraft-peru","36":"product_tag-casaca-cortavientos","37":"product_tag-catalogos-impresos","38":"product_tag-centro-de-lima","39":"product_tag-cooler-bag","40":"product_tag-cuaderno-ecologico","41":"product_tag-cuadernos-ecologicos","42":"product_tag-cuadernos-ecologicos-peru","43":"product_tag-cuadernos-ecologicos-publicitarios","44":"product_tag-delantal-de-cocina","45":"product_tag-dipticos","46":"product_tag-eco-regalos","47":"product_tag-economico","48":"product_tag-fotochecks-peru","49":"product_tag-gafas-de-sol","50":"product_tag-gigantografia-en-lona","51":"product_tag-gigantografias-peru","52":"product_tag-gorra-publicitaria","53":"product_tag-grafperu","54":"product_tag-grafperu-regalos","55":"product_tag-hojas-membretadas","56":"product_tag-hub-usb","57":"product_tag-imprenta","58":"product_tag-imprenta-barata","59":"product_tag-imprenta-centro-lima","60":"product_tag-imprenta-economica","61":"product_tag-imprenta-online","62":"product_tag-imprenta-urgente","63":"product_tag-imprentas-wilson","64":"product_tag-impresion","65":"product_tag-kit-de-jardineria","66":"product_tag-lanyard","67":"product_tag-lanyards-peru","68":"product_tag-lapicero","69":"product_tag-lapicero-ecologico","70":"product_tag-lapicero-metalico","71":"product_tag-lapicero-con-semilla","72":"product_tag-lapicero-plantable","73":"product_tag-lapicero-semilla","74":"product_tag-lapiceros-publicitarios","75":"product_tag-lapiz-semilla","76":"product_tag-lapiz-con-semilla","77":"product_tag-lapiz-plantable","78":"product_tag-libreta","79":"product_tag-libretas","80":"product_tag-libretas-ecologicas","81":"product_tag-libretas-ecologicas-peru","82":"product_tag-libretas-ecologicas-publicitarias","83":"product_tag-lima","84":"product_tag-linterna","85":"product_tag-llavero","86":"product_tag-llavero-abridor","87":"product_tag-llavero-linterna","88":"product_tag-lona-mesh","89":"product_tag-mascarillas-reutilizables","90":"product_tag-memoria-usb","91":"product_tag-merch","92":"product_tag-merch-ecologico","93":"product_tag-merchandising","94":"product_tag-merchandising-ecologico","95":"product_tag-mochila","96":"product_tag-modulo-publicitario-portatil","97":"product_tag-morral","98":"product_tag-mouse-pad","99":"product_tag-neceser-de-viaje","100":"product_tag-organizador-de-cables","101":"product_tag-peru","102":"product_tag-polo-de-algodon","103":"product_tag-popsocket","104":"product_tag-porta-lapicero","105":"product_tag-posavasos","106":"product_tag-power-bank","107":"product_tag-productos-ecologicos","108":"product_tag-promocionales","109":"product_tag-regalos","110":"product_tag-regalos-con-proposito-peru","111":"product_tag-regalos-corporativos","112":"product_tag-regalos-corporativos-anti-stress-peru","113":"product_tag-regalos-corporativos-clientes-peru","114":"product_tag-regalos-corporativos-cumpleanos-peru","115":"product_tag-regalos-corporativos-dia-de-la-amistad-peru","116":"product_tag-regalos-corporativos-dia-de-la-cancion-criolla-peru","117":"product_tag-regalos-corporativos-dia-de-la-madre-peru","118":"product_tag-regalos-corporativos-dia-de-la-maestra-peru","119":"product_tag-regalos-corporativos-dia-de-la-mujer","120":"product_tag-regalos-corporativos-dia-de-la-secretaria-peru","121":"product_tag-regalos-corporativos-dia-de-san-valentin-peru","122":"product_tag-regalos-corporativos-dia-del-empleado-peru","123":"product_tag-regalos-corporativos-peru","124":"product_tag-regalos-corporativos-premium","125":"product_tag-regalos-de-navidad","126":"product_tag-regalos-ecologicos","127":"product_tag-regalos-ecologicos-peru","128":"product_tag-regalos-ecologicos-premium","129":"product_tag-regalos-empresariales","130":"product_tag-regalos-empresariales-premium","131":"product_tag-regalos-empresas","132":"product_tag-regalos-gourmet-peru","133":"product_tag-regalos-navidad","134":"product_tag-regalos-para-el-dia-del-padre","135":"product_tag-regalos-para-empresas-peru","136":"product_tag-regalos-para-recien-nacidos-corporativos","137":"product_tag-regalos-personalizados-corporativos","138":"product_tag-regalos-personalizados-para-empresas","139":"product_tag-regalos-premium","140":"product_tag-regalos-premium-a-domicilio","141":"product_tag-regalos-premium-corporativos","142":"product_tag-regalos-premium-para-empresas","143":"product_tag-regalos-premium-peru","144":"product_tag-regalos-promocionales","145":"product_tag-reloj-de-mesa","146":"product_tag-resaltadores","147":"product_tag-roll-screen","148":"product_tag-semillas","149":"product_tag-set-de-escritorio","150":"product_tag-set-de-notas-adhesivas","151":"product_tag-set-de-utensilios-de-bambu","152":"product_tag-sombrilla","153":"product_tag-stickers","154":"product_tag-stickers-y-etiquetas","155":"product_tag-sustentables","156":"product_tag-tarjetas-de-presentacion","157":"product_tag-tarjetas-ecologicas","158":"product_tag-tarjetas-personalizadas","159":"product_tag-tarjetas-sembrables","160":"product_tag-tarjetas-semilla","161":"product_tag-tarjetero","162":"product_tag-taza-de-ceramica","163":"product_tag-toalla-deportiva","164":"product_tag-tomatodo-metalico","165":"product_tag-tomatodo-plastico","166":"product_tag-tote-bag","167":"product_tag-totem-impreso","168":"product_tag-vinil-adhesivo-impreso","169":"product_tag-vinil-microperforado","170":"product_tag-volantes","171":"product_tag-webcam-cover","173":"first","174":"instock","175":"shipping-taxable","176":"purchasable","177":"product-type-simple"},"jetpack_sharing_enabled":true,"_links":{"self":[{"href":"https:\/\/grafperu.com.pe\/index.php\/wp-json\/wp\/v2\/product\/1487","targetHints":{"allow":["GET"]}}],"collection":[{"href":"https:\/\/grafperu.com.pe\/index.php\/wp-json\/wp\/v2\/product"}],"about":[{"href":"https:\/\/grafperu.com.pe\/index.php\/wp-json\/wp\/v2\/types\/product"}],"wp:featuredmedia":[{"embeddable":true,"href":"https:\/\/grafperu.com.pe\/index.php\/wp-json\/wp\/v2\/media\/1488"}],"wp:attachment":[{"href":"https:\/\/grafperu.com.pe\/index.php\/wp-json\/wp\/v2\/media?parent=1487"}],"wp:term":[{"taxonomy":"product_brand","embeddable":true,"href":"https:\/\/grafperu.com.pe\/index.php\/wp-json\/wp\/v2\/product_brand?post=1487"},{"taxonomy":"product_cat","embeddable":true,"href":"https:\/\/grafperu.com.pe\/index.php\/wp-json\/wp\/v2\/product_cat?post=1487"},{"taxonomy":"product_tag","embeddable":true,"href":"https:\/\/grafperu.com.pe\/index.php\/wp-json\/wp\/v2\/product_tag?post=1487"}],"curies":[{"name":"wp","href":"https:\/\/api.w.org\/{rel}","templated":true}]}}