{"id":1206,"date":"2022-05-14T18:23:41","date_gmt":"2022-05-14T23:23:41","guid":{"rendered":"https:\/\/grafperu.com.pe\/?post_type=product&#038;p=1206"},"modified":"2022-05-15T09:13:19","modified_gmt":"2022-05-15T14:13:19","slug":"lapiz-ecologico-con-semillas-01","status":"publish","type":"product","link":"https:\/\/grafperu.com.pe\/index.php\/producto\/lapiz-ecologico-con-semillas-01\/","title":{"rendered":"Lapiz ecologico con Semillas 01"},"content":{"rendered":"<p>Ideal para regalar a clientes, colaboradores o empleados<\/p>\n<p>Plazo de Entrega: 15 d\u00edas de Anticipaci\u00f3n como m\u00ednimo.<\/p>\n<p>Opciones de Presentaci\u00f3n: Costo adicional<\/p>\n<p>&#8211; Bolsa de regalo<br \/>\n&#8211; Caja de regalo<br \/>\n&#8211; Caja de Madera<\/p>\n","protected":false},"excerpt":{"rendered":"<p>Regalo Ecologico para Empresas con motivo, eventos, aniversarios de empresas o fechas especiales d\u00eda del medio ambiente.<\/p>\n<p>Contenido: Un lapiz ecologico plantable con semillas variadas. Incluye logo\u00a0 un color.<\/p>\n<p>Pedido M\u00ednimo: Pedido M\u00ednimo 500 unidades<\/p>\n<p>&nbsp;<\/p>\n","protected":false},"featured_media":1208,"template":"","meta":{"_et_pb_use_builder":"","_et_pb_old_content":"","_et_gb_content_width":"","_joinchat":[]},"product_brand":[],"product_cat":[209],"product_tag":[46,40,39,175,211,48,111,214,215,121,122,43,27,53,123,62,64,31,38,176,177,178,218,179,50,180,83,219,220,221,60,222,210,223,181,182,125,224,225,226,216,227,228,54,229,212,47,200,201,183,217,26,33,34,230,231,232,233,234,63,55,235,236,237,238,36,44,239,240,184,185,186,28,241,242,129,130,131,132,243,244,245,246,37,61,247,248,249,250,251,252,253,254,255,256,29,174,257,258,259,260,261,213,133,134,262,199,187,41,188,189,190,191,192,193,194,195,196,197,198,170,136,137,138,139,42,140,141,142,143,52,144,171,145,146,147,126,148,149,150,151,152,153,135,154,127,128,155,156,157,158,159,160,161,162,163,164,165,263,264,265,266,267,268,166,167,168,269,56,270,271,272,124,172,169,173],"class_list":{"0":"post-1206","1":"product","2":"type-product","3":"status-publish","4":"has-post-thumbnail","6":"product_cat-regalos-ecologicos","7":"product_tag-afiches-publicitarios","8":"product_tag-agendas","9":"product_tag-agendas-corporativas","10":"product_tag-arenat","11":"product_tag-articulos-eco-para-oficina","12":"product_tag-banners-peru","13":"product_tag-barato","14":"product_tag-biodegradable","15":"product_tag-bonsai","16":"product_tag-box-de-regalos-corporativos","17":"product_tag-cajas-de-regalo-corporativos","18":"product_tag-calendarios-de-escritorio","19":"product_tag-calendarios-publicitarios","20":"product_tag-canastas-navidad-peru","21":"product_tag-canastas-navidenas-peru","22":"product_tag-carton-kraft","23":"product_tag-cartulina-kraft-peru","24":"product_tag-centro-de-lima","25":"product_tag-cuadernos-ecologicos","26":"product_tag-cuadernos-ecologicos-peru","27":"product_tag-cuadernos-ecologicos-publicitarios","28":"product_tag-dayaperu","29":"product_tag-degradables","30":"product_tag-detalazo-peru","31":"product_tag-dipticos","32":"product_tag-dulce-compania-peru","33":"product_tag-eco-regalos","34":"product_tag-eco-tarjetas-plantables","35":"product_tag-eco-lapiz","36":"product_tag-eco-papel","37":"product_tag-ecologico","38":"product_tag-ecologicos","39":"product_tag-ecologicos-para-eventos","40":"product_tag-ecologicos-peru","41":"product_tag-ecologics-peru","42":"product_tag-ecomillennials-peru","43":"product_tag-economico","44":"product_tag-ecoregalos","45":"product_tag-etiquetas-o-hang-tags","46":"product_tag-etiquetas-ecologicas","47":"product_tag-flores","48":"product_tag-flores-regalo","49":"product_tag-flores-y-maceta","50":"product_tag-fotochecks-peru","51":"product_tag-germinables","52":"product_tag-germinables-publicitarios","53":"product_tag-gigantografias-peru","54":"product_tag-grafperu","55":"product_tag-grafperu-regalos","56":"product_tag-hennacorp-peru","57":"product_tag-huertas-y-aromaticas","58":"product_tag-imprenta-economica","59":"product_tag-imprentas-wilson","60":"product_tag-impresion","61":"product_tag-kit-de-siembra","62":"product_tag-kit-huerta","63":"product_tag-kit-huertos","64":"product_tag-kits-eco","65":"product_tag-kits-ecologicos","66":"product_tag-kraft","67":"product_tag-lanyards-peru","68":"product_tag-lapicero-ecologico","69":"product_tag-lapicero-con-semilla","70":"product_tag-lapicero-plantable","71":"product_tag-lapicero-semilla","72":"product_tag-lapiceros-publicitarios","73":"product_tag-lapiz-semilla","74":"product_tag-lapiz-con-semilla","75":"product_tag-lapiz-plantable","76":"product_tag-libretas-ecologicas","77":"product_tag-libretas-ecologicas-peru","78":"product_tag-libretas-ecologicas-publicitarias","79":"product_tag-lima","80":"product_tag-maceta-ecologica","81":"product_tag-macetas","82":"product_tag-macetas-biodegradables","83":"product_tag-macetas-de-arcilla","84":"product_tag-macetas-de-cemento","85":"product_tag-macetas-decorativas-peru","86":"product_tag-macetero","87":"product_tag-maceteros-ecologicos","88":"product_tag-merch","89":"product_tag-merch-ecologico","90":"product_tag-merchandising","91":"product_tag-merchandising-ecologico","92":"product_tag-mini-huertos","93":"product_tag-papel-con-semillas","94":"product_tag-papel-con-semillas-imprimir","95":"product_tag-papel-eco","96":"product_tag-papel-ecologico","97":"product_tag-papel-plantable","98":"product_tag-papel-sembrable","99":"product_tag-papel-semilla","100":"product_tag-papel-y-semilla","101":"product_tag-personalizados","102":"product_tag-peru","103":"product_tag-pisco-para-regalo-peru","104":"product_tag-planta-con-mensaje","105":"product_tag-planta-magica","106":"product_tag-plantas","107":"product_tag-productos-ecologicos","108":"product_tag-promocionales","109":"product_tag-promociones-etiquetas-articulos-eco-para-oficina","110":"product_tag-regalar-plantas","111":"product_tag-regalar-vida","112":"product_tag-regalar-semillas","113":"product_tag-regalos","114":"product_tag-regalos-con-proposito-peru","115":"product_tag-regalos-corporativos","116":"product_tag-regalos-corporativos-anti-stress-peru","117":"product_tag-regalos-corporativos-clientes-peru","118":"product_tag-regalos-corporativos-cumpleanos-peru","119":"product_tag-regalos-corporativos-dia-de-la-amistad-peru","120":"product_tag-regalos-corporativos-dia-de-la-cancion-criolla-peru","121":"product_tag-regalos-corporativos-dia-de-la-madre-peru","122":"product_tag-regalos-corporativos-dia-de-la-maestra-peru","123":"product_tag-regalos-corporativos-dia-de-la-mujer","124":"product_tag-regalos-corporativos-dia-de-la-secretaria-peru","125":"product_tag-regalos-corporativos-dia-de-san-valentin-peru","126":"product_tag-regalos-corporativos-dia-del-empleado-peru","127":"product_tag-regalos-corporativos-peru","128":"product_tag-regalos-corporativos-premium","129":"product_tag-regalos-de-aniversario-para-mi-novio","130":"product_tag-regalos-de-cumpleanos","131":"product_tag-regalos-de-navidad","132":"product_tag-regalos-ecologicos","133":"product_tag-regalos-ecologicos-peru","134":"product_tag-regalos-ecologicos-premium","135":"product_tag-regalos-empresariales","136":"product_tag-regalos-empresariales-premium","137":"product_tag-regalos-empresas","138":"product_tag-regalos-flores","139":"product_tag-regalos-gourmet-peru","140":"product_tag-regalos-navidad","141":"product_tag-regalos-para-cumpleanos","142":"product_tag-regalos-para-el-dia-del-padre","143":"product_tag-regalos-para-empresas-peru","144":"product_tag-regalos-para-hombres","145":"product_tag-regalos-para-mama","146":"product_tag-regalos-para-mi-novio","147":"product_tag-regalos-para-mujeres","148":"product_tag-regalos-para-navidad","149":"product_tag-regalos-para-papa","150":"product_tag-regalos-para-recien-nacidos-corporativos","151":"product_tag-regalos-personalizados","152":"product_tag-regalos-personalizados-corporativos","153":"product_tag-regalos-personalizados-para-empresas","154":"product_tag-regalos-premium","155":"product_tag-regalos-premium-a-domicilio","156":"product_tag-regalos-premium-corporativos","157":"product_tag-regalos-premium-para-empresas","158":"product_tag-regalos-premium-para-hombres","159":"product_tag-regalos-premium-para-mujeres","160":"product_tag-regalos-premium-peru","161":"product_tag-regalos-primer-mes-de-enamorados","162":"product_tag-regalos-promocionales","163":"product_tag-regalos-vivos","164":"product_tag-regalos-vivos-peru","165":"product_tag-regalos-germinables","166":"product_tag-regalos-novedosos","167":"product_tag-regalos-originales","168":"product_tag-regalos-sustentables","169":"product_tag-semillas","170":"product_tag-siembra-papel","171":"product_tag-suculentas","172":"product_tag-suculentas-peru","173":"product_tag-suculentasperu","174":"product_tag-sustentables","175":"product_tag-tarjetas-ecologicas","176":"product_tag-tarjetas-personalizadas","177":"product_tag-tarjetas-sembrables","178":"product_tag-tarjetas-semilla","179":"product_tag-toritos-de-pucara-peru","180":"product_tag-vinos-para-regalo","181":"product_tag-vivero-lima-peru","182":"product_tag-whisky-para-regalo","184":"first","185":"instock","186":"shipping-taxable","187":"product-type-simple"},"jetpack_sharing_enabled":true,"_links":{"self":[{"href":"https:\/\/grafperu.com.pe\/index.php\/wp-json\/wp\/v2\/product\/1206","targetHints":{"allow":["GET"]}}],"collection":[{"href":"https:\/\/grafperu.com.pe\/index.php\/wp-json\/wp\/v2\/product"}],"about":[{"href":"https:\/\/grafperu.com.pe\/index.php\/wp-json\/wp\/v2\/types\/product"}],"wp:featuredmedia":[{"embeddable":true,"href":"https:\/\/grafperu.com.pe\/index.php\/wp-json\/wp\/v2\/media\/1208"}],"wp:attachment":[{"href":"https:\/\/grafperu.com.pe\/index.php\/wp-json\/wp\/v2\/media?parent=1206"}],"wp:term":[{"taxonomy":"product_brand","embeddable":true,"href":"https:\/\/grafperu.com.pe\/index.php\/wp-json\/wp\/v2\/product_brand?post=1206"},{"taxonomy":"product_cat","embeddable":true,"href":"https:\/\/grafperu.com.pe\/index.php\/wp-json\/wp\/v2\/product_cat?post=1206"},{"taxonomy":"product_tag","embeddable":true,"href":"https:\/\/grafperu.com.pe\/index.php\/wp-json\/wp\/v2\/product_tag?post=1206"}],"curies":[{"name":"wp","href":"https:\/\/api.w.org\/{rel}","templated":true}]}}