{"id":70,"date":"2019-08-28T15:25:09","date_gmt":"2019-08-28T13:25:09","guid":{"rendered":"http:\/\/grafperu.com.pe\/?page_id=70"},"modified":"2019-08-28T20:05:24","modified_gmt":"2019-08-28T18:05:24","slug":"nosotros","status":"publish","type":"page","link":"https:\/\/grafperu.com.pe\/index.php\/nosotros\/","title":{"rendered":"Nosotros"},"content":{"rendered":"<p>[et_pb_section fb_built=\u00bb1&#8243; _builder_version=\u00bb3.27.3&#8243; custom_padding=\u00bb0px|||||\u00bb fb_built=\u00bb1&#8243; _i=\u00bb0&#8243; _address=\u00bb0&#8243;][et_pb_row column_structure=\u00bb3_5,2_5&#8243; _builder_version=\u00bb3.27.3&#8243; _i=\u00bb0&#8243; _address=\u00bb0.0&#8243;][et_pb_column type=\u00bb3_5&#8243; _builder_version=\u00bb3.27.3&#8243; _i=\u00bb0&#8243; _address=\u00bb0.0.0&#8243;][et_pb_text _builder_version=\u00bb3.27.3&#8243; hover_enabled=\u00bb0&#8243; _i=\u00bb0&#8243; _address=\u00bb0.0.0.0&#8243;]<\/p>\n<p><span>En Grafperu nos importas, por eso queremos que todos nuestros clientes se sientan satisfechos con sus pedidos. Y eso es precisamente lo que nos diferencia de otras imprentas. Cada d\u00eda nos esforzamos para que hacer tus pedidos sea m\u00e1s f\u00e1cil desde cualquier lugar del mundo. Ya seas emprendedor, PYME o una gran empresa, te ofrecemos los mejores servicios ajust\u00e1ndonos a tus necesidades para que tengas un resultado sobresaliente.\u00a0<\/span><\/p>\n<p><span>Grafperu no es s\u00f3lo una imprenta m\u00e1s. Si hay algo por lo que destacamos es por la calidad de nuestros servicios. La amplia variedad de nuestro cat\u00e1logo abarca desde volantes a banners publicitarios, permiti\u00e9ndote elegir entre distintas soluciones para tu empresa. Somos expertos en impresi\u00f3n digital e impresi\u00f3n offset en una gran variedad de productos. Por lo que puedes personalizar al 100% todos nuestros art\u00edculos con materiales de calidad.<\/span><\/p>\n<p><span>Grafperu te ofrece productos impresos de gran calidad y econ\u00f3micos para cualquier ocasi\u00f3n o evento. Nuestros productos impresos incluyen, entre otros, material promocional, material de oficina, prendas personalizadas, art\u00edculos para publicidad exterior, art\u00edculos personalizados con fotos y mucho m\u00e1s. \u00a1Tenemos todo lo que necesitas! <\/span><\/p>\n<p><span>Nuestra misi\u00f3n es ofrecerte soluciones efectivas y hacer que pedir productos online sea f\u00e1cil, r\u00e1pido y barato.<\/span><\/p>\n<p><span>Grafperu<\/span><\/p>\n<p>[\/et_pb_text][\/et_pb_column][et_pb_column type=\u00bb2_5&#8243; _builder_version=\u00bb3.27.3&#8243; _i=\u00bb1&#8243; _address=\u00bb0.0.1&#8243;][et_pb_image src=\u00bbhttps:\/\/grafperu.com.pe\/wp-content\/uploads\/2019\/08\/GRAFPERU-imprenta-economica-rapida-merchandising-volantes-afiches-calendarios-lima-peru-q.png\u00bb align=\u00bbcenter\u00bb _builder_version=\u00bb3.27.3&#8243; custom_margin=\u00bb50px||||false|false\u00bb _i=\u00bb0&#8243; _address=\u00bb0.0.1.0&#8243;][\/et_pb_image][\/et_pb_column][\/et_pb_row][\/et_pb_section]<\/p>\n","protected":false},"excerpt":{"rendered":"<p>En Grafperu nos importas, por eso queremos que todos nuestros clientes se sientan satisfechos con sus pedidos. Y eso es precisamente lo que nos diferencia de otras imprentas. Cada d\u00eda nos esforzamos para que hacer tus pedidos sea m\u00e1s f\u00e1cil desde cualquier lugar del mundo. Ya seas emprendedor, PYME o una gran empresa, te ofrecemos [&hellip;]<\/p>\n","protected":false},"author":1,"featured_media":0,"parent":0,"menu_order":0,"comment_status":"closed","ping_status":"closed","template":"","meta":{"_et_pb_use_builder":"on","_et_pb_old_content":"<!-- wp:divi\/placeholder \/-->","_et_gb_content_width":"","_joinchat":[],"footnotes":""},"class_list":["post-70","page","type-page","status-publish","hentry"],"jetpack_sharing_enabled":true,"_links":{"self":[{"href":"https:\/\/grafperu.com.pe\/index.php\/wp-json\/wp\/v2\/pages\/70","targetHints":{"allow":["GET"]}}],"collection":[{"href":"https:\/\/grafperu.com.pe\/index.php\/wp-json\/wp\/v2\/pages"}],"about":[{"href":"https:\/\/grafperu.com.pe\/index.php\/wp-json\/wp\/v2\/types\/page"}],"author":[{"embeddable":true,"href":"https:\/\/grafperu.com.pe\/index.php\/wp-json\/wp\/v2\/users\/1"}],"replies":[{"embeddable":true,"href":"https:\/\/grafperu.com.pe\/index.php\/wp-json\/wp\/v2\/comments?post=70"}],"version-history":[{"count":0,"href":"https:\/\/grafperu.com.pe\/index.php\/wp-json\/wp\/v2\/pages\/70\/revisions"}],"wp:attachment":[{"href":"https:\/\/grafperu.com.pe\/index.php\/wp-json\/wp\/v2\/media?parent=70"}],"curies":[{"name":"wp","href":"https:\/\/api.w.org\/{rel}","templated":true}]}}